{"id":766,"date":"2023-06-06T17:33:42","date_gmt":"2023-06-06T15:33:42","guid":{"rendered":"https:\/\/unescochair.unipi.it\/?page_id=766"},"modified":"2025-12-02T10:52:35","modified_gmt":"2025-12-02T09:52:35","slug":"master-su-comunita-energetiche-sostenibilicers","status":"publish","type":"page","link":"https:\/\/unescochair.unipi.it\/?page_id=766","title":{"rendered":"Master su Comunit\u00e0 EneRgetiche Sostenibili (CERS)"},"content":{"rendered":"\n<p>Il Master su <strong>Comunit\u00e0 EneRgetiche Sostenibili<\/strong> (CERS) \u2013 sviluppato nell\u2019ambito della <strong>UNESCO Chair on \u201cSustainable Energy Communities\u201d<\/strong> dell\u2019Universit\u00e0 di Pisa, \u00e8 un corso di alta formazione ispirato ai temi dell\u2019Energia per lo Sviluppo Sostenibile con focus specifico sulle Comunit\u00e0 Energetiche. Considerando il carattere spiccatamente interdisciplinare del percorso didattico, ispirato all\u2019Agenda 2030 e agli Obiettivi di Sviluppo Sostenibile delle Nazioni Unite, il corso \u00e8 <strong>rivolto ai laureati magistrali di tutte le discipline<\/strong> che sono interessati ad acquisire e aggiornare una visione completa degli argomenti della gestione sostenibile dell\u2019energia con focus specifico sulle Comunit\u00e0 Energetiche da un <strong>punto di vista energetico, ambientale, economico, giuridico e sociale<\/strong> e intendono lavorare nel settore, cos\u00ec come a chi gi\u00e0 \u00e8 occupato e desidera appropriarsi di nuove competenze per migliorare il proprio profilo senza interrompere l\u2019attivit\u00e0 lavorativa.<\/p>\n\n\n\n<p><\/p>\n\n\n\n<p class=\"has-vivid-red-color has-text-color has-link-color has-medium-font-size wp-elements-571d9a05ade2cba1d01d9dd7316e3b28\"><strong>Sono riaperte le iscrizioni!<\/strong><\/p>\n\n\n\n<p class=\"has-large-font-size\">Fino al 15 Gennaio 2026<\/p>\n\n\n\n<div class=\"wp-block-group is-nowrap is-layout-flex wp-container-core-group-is-layout-1 wp-block-group-is-layout-flex\">\n<p><em>Procedura<\/em><em>:<\/em><\/p>\n\n\n\n<p><\/p>\n<\/div>\n\n\n\n<div class=\"wp-block-group is-nowrap is-layout-flex wp-container-core-group-is-layout-2 wp-block-group-is-layout-flex\">\n<p><em>Seguire le istruzioni riportate alla pagina<\/em><\/p>\n<\/div>\n\n\n\n<p><a href=\"https:\/\/old.unipi.it\/images\/master\/avvisi\/avvisi2025\/istruz_posti%20disp.pdf\">https:\/\/old.unipi.it\/images\/master\/avvisi\/avvisi2025\/istruz_posti%20disp.pdf<\/a><\/p>\n\n\n\n<p>Si segnala che il pagamento della prima rata pi\u00f9 oneri amministrativi (1246eur) \u00e8 condizione imprescindibile per perfezionare l\u2019immatricolazione e deve essere effettuato entro il termine di due giorni dalla data di presentazione della domanda di ammissione<\/p>\n\n\n\n<p>Le lezioni iniziano il 9 Gennaio 2026<\/p>\n\n\n\n<div class=\"wp-block-group is-nowrap is-layout-flex wp-container-core-group-is-layout-3 wp-block-group-is-layout-flex\"><\/div>\n\n\n\n<div class=\"wp-block-group is-nowrap is-layout-flex wp-container-core-group-is-layout-4 wp-block-group-is-layout-flex\"><\/div>\n\n\n\n<p><\/p>\n\n\n\n<div class=\"wp-block-group is-nowrap is-layout-flex wp-container-core-group-is-layout-5 wp-block-group-is-layout-flex\"><\/div>\n\n\n\n<p><\/p>\n\n\n\n<div class=\"wp-block-group is-nowrap is-layout-flex wp-container-core-group-is-layout-6 wp-block-group-is-layout-flex\"><\/div>\n\n\n\n<p><\/p>\n\n\n\n<p><\/p>\n\n\n\n<div class=\"wp-block-group is-nowrap is-layout-flex wp-container-core-group-is-layout-7 wp-block-group-is-layout-flex\"><\/div>\n\n\n\n<p><a href=\"https:\/\/unescochair.unipi.it\/wp-content\/uploads\/2025\/09\/presentazione-open-day-2025.pdf\">Open Day 2025 &#8211; Descrizione della Didattica del Master<\/a><\/p>\n\n\n\n<p class=\"has-text-align-left\"><mark style=\"background-color:rgba(0, 0, 0, 0)\" class=\"has-inline-color has-vivid-red-color\">   <\/mark>                       <a href=\"https:\/\/teams.microsoft.com\/l\/meetingrecap?driveId=b%211tq_plzamU-XIlU1XwXEW8yV_g-TXNVDlE4m9M0t279Jzhc65oq-Q6aAXIDbojqT&amp;driveItemId=01JER2NZAN7SQLU5HVUZAKTAZ42RO4WI7F&amp;sitePath=https%3A%2F%2Funipiit-my.sharepoint.com%2F%3Av%3A%2Fg%2Fpersonal%2Fa049221_unipi_it%2FEQ38oLp09aZAqYM81F3LI-UBIL0KYhvtafS0iHEquNUg9w&amp;fileUrl=https%3A%2F%2Funipiit-my.sharepoint.com%2Fpersonal%2Fa049221_unipi_it%2FDocuments%2FRecordings%2FOPEN%2520DAY%2520Master%2520di%2520II%2520livello%2520In%2520Comunit%25C3%25A0%2520Energetiche%2520Sostenibili-20250918_145622UTC-Meeting%2520Recording.mp4%3Fweb%3D1&amp;iCalUid=040000008200e00074c5b7101a82e008000000002bdfeda10718dc010000000000000000100000008bf846373fc01b45bc7e5dfc490942aa&amp;threadId=19%3Ameeting_OTJjNGViZGYtODM1Ni00MmFhLWI3NDQtNzY4ZmU4MmNhODk5%40thread.v2&amp;organizerId=046bf182-fce3-41da-b35a-c1c4da878ec0&amp;tenantId=c7456b31-a220-47f5-be52-473828670aa1&amp;callId=24cb507e-ce85-483d-a7bf-aa06171256db&amp;threadType=Meeting&amp;meetingType=Scheduled&amp;subType=RecapSharingLink_RecapCore\"><mark style=\"background-color:rgba(0, 0, 0, 0)\" class=\"has-inline-color has-vivid-red-color\">&#8211;&nbsp;&nbsp;Link alla registrazione video dell&#8217;open day<\/mark><\/a><\/p>\n\n\n\n<p><a href=\"https:\/\/unescochair.unipi.it\/wp-content\/uploads\/2025\/09\/questionario-iscritti-edizione-24-25-1.pdf\">Questionario iscritti edizione 2024<\/a><\/p>\n\n\n\n<p><strong>Master CERS \u00e8 su FONCOOP<\/strong> <\/p>\n\n\n\n<figure class=\"wp-block-image size-large is-resized\"><img loading=\"lazy\" decoding=\"async\" width=\"1024\" height=\"548\" src=\"https:\/\/unescochair.unipi.it\/wp-content\/uploads\/2025\/09\/fonccop-Master-CERS-1024x548.jpg\" alt=\"\" class=\"wp-image-994\" style=\"width:299px;height:auto\" srcset=\"https:\/\/unescochair.unipi.it\/wp-content\/uploads\/2025\/09\/fonccop-Master-CERS-1024x548.jpg 1024w, https:\/\/unescochair.unipi.it\/wp-content\/uploads\/2025\/09\/fonccop-Master-CERS-300x161.jpg 300w, https:\/\/unescochair.unipi.it\/wp-content\/uploads\/2025\/09\/fonccop-Master-CERS-768x411.jpg 768w, https:\/\/unescochair.unipi.it\/wp-content\/uploads\/2025\/09\/fonccop-Master-CERS.jpg 1490w\" sizes=\"(max-width: 1024px) 100vw, 1024px\" \/><\/figure>\n\n\n\n<p>I dipendenti delle cooperative associate con AGCI, Confcooperative, Legacoop, ed i dipendenti CGIL, CISL, UIL&nbsp;possono utilizzare il voucher FONCOOP per pagare l\u2019iscrizione al corso (seguendo la procedura descritta in questa pagina web) <a href=\"https:\/\/www.foncoop.coop\/vetrina-corsi\/\">https:\/\/www.foncoop.coop\/vetrina-corsi\/ <\/a><\/p>\n\n\n\n<h2 class=\"wp-block-heading\">Importanti novit\u00e0<\/h2>\n\n\n\n<p><strong>Pubblicato il bando per le iscrizioni all&#8217;anno accademico 2025-2026!<\/strong> <\/p>\n\n\n\n<p><a href=\"https:\/\/unescochair.unipi.it\/wp-content\/uploads\/2025\/08\/bando-cers_2025_26-3.pdf\">Bando CERS 2025\/2026<\/a><\/p>\n\n\n\n<p><strong>Distinguished speakers edizione 2024-2025<\/strong><\/p>\n\n\n\n<figure class=\"wp-block-table\"><table class=\"has-fixed-layout\"><tbody><tr><td><img loading=\"lazy\" decoding=\"async\" width=\"150\" height=\"162\" class=\"wp-image-926\" style=\"width: 150px;\" src=\"https:\/\/unescochair.unipi.it\/wp-content\/uploads\/2024\/12\/Immaginep1.png\" alt=\"\" srcset=\"https:\/\/unescochair.unipi.it\/wp-content\/uploads\/2024\/12\/Immaginep1.png 411w, https:\/\/unescochair.unipi.it\/wp-content\/uploads\/2024\/12\/Immaginep1-278x300.png 278w\" sizes=\"(max-width: 150px) 100vw, 150px\" \/><\/td><td><img loading=\"lazy\" decoding=\"async\" width=\"150\" height=\"150\" class=\"wp-image-927\" style=\"width: 150px;\" src=\"https:\/\/unescochair.unipi.it\/wp-content\/uploads\/2024\/12\/Immaginee2.jpg\" alt=\"\" srcset=\"https:\/\/unescochair.unipi.it\/wp-content\/uploads\/2024\/12\/Immaginee2.jpg 443w, https:\/\/unescochair.unipi.it\/wp-content\/uploads\/2024\/12\/Immaginee2-300x300.jpg 300w, https:\/\/unescochair.unipi.it\/wp-content\/uploads\/2024\/12\/Immaginee2-150x150.jpg 150w\" sizes=\"(max-width: 150px) 100vw, 150px\" \/><\/td><td><img loading=\"lazy\" decoding=\"async\" width=\"147\" height=\"147\" class=\"wp-image-928\" style=\"width: 147px;\" src=\"https:\/\/unescochair.unipi.it\/wp-content\/uploads\/2024\/12\/Immaginep3.jpg\" alt=\"\"><\/td><\/tr><tr><td><strong>Paolo Arrigoni<\/strong> <strong>Presidente GSE<\/strong><\/td><td><strong>Enrico Giovannini<\/strong> <strong>Direttore scientifico ASVIS<\/strong><strong><\/strong><\/td><td><strong>Pietro Maria Putti<\/strong> <strong>Amministratore delegato GME<\/strong><\/td><\/tr><\/tbody><\/table><\/figure>\n\n\n\n<p><strong><em>Procedura per iscriversi<\/em><\/strong><em>:<\/em><\/p>\n\n\n\n<ul class=\"wp-block-list\">\n<li>collegarsi al Portale Alice <a href=\"https:\/\/www.studenti.unipi.it\/Home.do\">https:\/\/www.studenti.unipi.it\/Home.do<\/a><a href=\"https:\/\/www.studenti.unipi.it\/Home.do\"> <\/a>&nbsp;&nbsp;<\/li>\n\n\n\n<li>effettuare la registrazione se nuovo utente (se ex-studente UniPi accedere con le credenziali da studente)<\/li>\n\n\n\n<li>cliccare sull\u2019icona men\u00f9 in alto a destra e scegliere, nel men\u00f9 a tendina, \u201csegreteria\u201d e successivamente \u201cScelta del corso (immatricolazioni)\u201d<\/li>\n\n\n\n<li>&#8211; seguire il percorso guidato \u201cimmatricolazione\u201d \u2013 \u201cimmatricolazione standard\u201d<\/li>\n\n\n\n<li>provvedere all\u2019upload dei moduli \u201cForimm\u201d e \u201cDich_unica\u201d all\u2019interno del Portale Alice<\/li>\n\n\n\n<li>provvedere al pagamento, tramite PagoPA, della prima rata del master pi\u00f9 30,00 euro di oneri amministrativi e 16,00 euro di bollo).<\/li>\n<\/ul>\n\n\n\n<p><strong>Tale pagamento \u00e8 condizione imprescindibile <\/strong>per perfezionare l\u2019immatricolazione e deve essere effettuato entro il <strong>termine di 2 giorni dalla data di presentazione della domanda di ammission<\/strong>e.<\/p>\n\n\n\n<h2 class=\"wp-block-heading\">Le funzionalit\u00e0  in ambito occupazionale<\/h2>\n\n\n\n<p>Il percorso didattico punta a offrire una preparazione interdisciplinare in termini di analisi, progettazione, gestione e monitoraggio degli aspetti scientifici e socio-economici, in modo da approfondire tutti gli aspetti che interessano gli ambiti di realizzazione di una CERS e dell\u2019energia per lo sviluppo sostenibile. <\/p>\n\n\n\n<p>L\u2019obiettivo \u00e8 la formazione di esperti capaci di comprenderne e gestirne in autonomia la complessit\u00e0, con particolare riferimento alle interconnessioni con lo sviluppo sostenibile, nonch\u00e9 di valutare gli impatti, gli aspetti sociali, ambientali, giuridici, economici e culturali che coinvolgono le complessit\u00e0 delle Comunit\u00e0 Energetiche e l\u2019ambito dell\u2019energia per lo sviluppo sostenibile. <\/p>\n\n\n\n<p>Lo sviluppo del progetto didattico prevede un percorso che mette in stretta connessione teoria e pratica, anche con l\u2019obiettivo di promuovere la diffusione di modalit\u00e0 gestionali.<\/p>\n\n\n\n<h2 class=\"wp-block-heading\">La struttura didattica<\/h2>\n\n\n\n<p>Per favorire la partecipazione anche a candidati impegnati in attivit\u00e0 lavorative, la didattica verr\u00e0 erogata in modalit\u00e0 <strong><em>e-learning<\/em><\/strong>, con <strong>formula weekend<\/strong> (venerd\u00ec e sabato). \u00c8 previsto uno <em>stage<\/em> esterno presso qualificati partner pubblici o privati. La <strong>lingua<\/strong> ufficiale \u00e8 <strong>l\u2019italiano<\/strong>.<\/p>\n\n\n\n<p>Il Master propone una didattica interdisciplinare che prevede lezioni frontali e workshop\/seminari con testimoni istituzionali nonch\u00e9 di professionisti del settore e specialisti proposti dalle aziende partner, che contribuiscono anche alla <strong>docenza laica<\/strong>, con testimonianze aziendali, istituzionali e professionali. La docenza teorica sar\u00e0 seguita da uno stage aziendale finalizzato alla redazione di un <em>project work<\/em> applicato a un caso reale, che sar\u00e0 oggetto di discussione e valutazione.<\/p>\n\n\n\n<p>In totale il corso \u00e8 strutturato in <strong>60 CFU<\/strong>, equivalenti a 1500 ore di lavoro di apprendimento complessivo cos\u00ec articolati:<\/p>\n\n\n\n<ul class=\"wp-block-list\">\n<li>didattica frontale (lezioni\/seminari\/testimonianze) = 44 CFU = 352 ore; queste attivit\u00e0 sono organizzate per moduli e per aree disciplinari, come sotto specificato; all\u2019interno delle ore frontali sono previste tra 40 e 60 ore di testimonianze aziendali.<\/li>\n\n\n\n<li>tirocinio\/project work = 16 CFU = 400 ore (1 CFU = 25 ore di impegno complessivo). Per gli studenti lavoratori sar\u00e0 possibile svolgere un project work al posto del tirocinio<\/li>\n<\/ul>\n\n\n\n<p>Le 352 ore frontali, a 12 h a settimana corrispondono a circa 30 settimane (alle quali si aggiunge il <em>project work\/tirocinio<\/em> per ulteriori 400 ore). L\u2019acquisizione dei CFU \u00e8 subordinata al rispetto degli obblighi di frequenza e al superamento delle verifiche di apprendimento, intermedie e finali. Le <strong>lezioni saranno registrate<\/strong> e a disposizione dei partecipanti fino alla fine del Master.&nbsp;<\/p>\n\n\n\n<p><strong>Frequenza: <\/strong>Le lezioni saranno tenute <strong>a distanza<\/strong> su piattaforma messa a disposizione dell\u2019ateneo pisano. La frequenza \u00e8 obbligatoria per almeno il <strong>70% delle ore<\/strong> in ciascun modulo.<\/p>\n\n\n\n<p><strong>Inizio corsi<\/strong>: 05\/12\/2025<\/p>\n\n\n\n<p>A puro titolo di esempio, si citano <strong>alcuni degli argomenti trattati<\/strong>:<\/p>\n\n\n\n<ul class=\"wp-block-list\">\n<li> tecnologie digitali per la realizzazione e la gestione delle CERS<\/li>\n\n\n\n<li> Internet Of Things per il monitoraggio dei consumi e tecniche di intelligenza artificiale e data analysis per la predizione dei consumi e l\u2019ottimizzazione delle risorse; <\/li>\n\n\n\n<li>aspetti socio-economici legati allo sviluppo delle CERS; <\/li>\n\n\n\n<li>integrazione tra sistemi energetici elettrici e termici da fonti rinnovabili; <\/li>\n\n\n\n<li>il ruolo delle CERS nella transizione energetica,<\/li>\n\n\n\n<li> i rischi di povert\u00e0 e diseguaglianze e il ruolo delle politiche europee;<\/li>\n\n\n\n<li> aspetti multidisciplinari delle CERS,<\/li>\n\n\n\n<li> ruolo delle imprese, della tecnologia e delle istituzioni pubbliche nell\u2019ambito della costituzione e gestione delle CERS.<\/li>\n<\/ul>\n\n\n\n<p>Numerose novit\u00e0 rispetto alla prima edizione tra cui un modulo di laboratorio progettuale in cui verranno riprodotti casi reali di realizzazione di CER e verranno evidenziate le caratteristiche di uso dei principali portali di simulazione di CERS e quello ufficiale del GSE per la registrazione di CER.<\/p>\n\n\n\n<p><strong> Sono previsti 7 moduli: <\/strong><\/p>\n\n\n\n<ol class=\"wp-block-list\">\n<li> Principi fondamentali: energia e sostenibilit\u00e0; <\/li>\n\n\n\n<li>Aspetti energetici; <\/li>\n\n\n\n<li>Aspetti economici; <\/li>\n\n\n\n<li>Aspetti giuridici;<\/li>\n\n\n\n<li>Aspetti sociali;<\/li>\n\n\n\n<li>Aspetti digitali<\/li>\n\n\n\n<li>Laboratorio progettuale<\/li>\n<\/ol>\n\n\n\n<h2 class=\"wp-block-heading\">Iscrizioni<\/h2>\n\n\n\n<p><strong>Tassa iscrizione<\/strong>: <br>Studente ordinario: 3000 euro, suddivisi in 3 rate. Uditori\/didattica a distanza: 1500 euro, in un\u2019unica rata. Sono previste agevolazioni per la contribuzione, sulla base del reddito.<\/p>\n\n\n\n<p><strong>Presentazione delle domande di ammissione<\/strong>: dal 25\/07\/2025 ed entro e non oltre le ore 13:00 del 06\/11\/2025<\/p>\n\n\n\n<h2 class=\"wp-block-heading\">Info e contatti<\/h2>\n\n\n\n<p>Info: &nbsp; Prof. Marco Raugi,  Largo L. Lazzarino 1, 56122 Pisa Telefono: 0502217325 Email: marco.raugi@unipi.it  Cellulare: 3666623560 &nbsp;<\/p>\n\n\n\n<p>Segreteria: &nbsp; Cristina Cerbone Via Gabba 22, 56122 Pisa Telefono: 0502217300 Email: didatticadestec@ing.unipi.it PEC: destec@pec.unipi.it<\/p>\n\n\n\n<h2 class=\"wp-block-heading\">Con il patrocinio di:<\/h2>\n\n\n\n<figure class=\"wp-block-image size-full\"><img loading=\"lazy\" decoding=\"async\" width=\"1165\" height=\"517\" src=\"https:\/\/unescochair.unipi.it\/wp-content\/uploads\/2025\/07\/Blocco_loghi.png\" alt=\"\" class=\"wp-image-973\" srcset=\"https:\/\/unescochair.unipi.it\/wp-content\/uploads\/2025\/07\/Blocco_loghi.png 1165w, https:\/\/unescochair.unipi.it\/wp-content\/uploads\/2025\/07\/Blocco_loghi-300x133.png 300w, https:\/\/unescochair.unipi.it\/wp-content\/uploads\/2025\/07\/Blocco_loghi-1024x454.png 1024w, https:\/\/unescochair.unipi.it\/wp-content\/uploads\/2025\/07\/Blocco_loghi-768x341.png 768w\" sizes=\"(max-width: 1165px) 100vw, 1165px\" \/><\/figure>\n\n\n\n<h2 class=\"wp-block-heading\">Partnership<\/h2>\n\n\n\n<p>Sono state formalizzate e sono invia di formalizzazione convenzioni con enti pubblici e aziende private di elevato prestigio per partecipazione al Master con <strong>testimonianze aziendali e istituzionali, ospitalit\u00e0 stagisti e possibilit\u00e0 di presentare eventi brandizzati e laboratori di design\/thinking<\/strong>. Tra di esse:<\/p>\n\n\n\n<figure class=\"wp-block-image size-full\"><img loading=\"lazy\" decoding=\"async\" width=\"1048\" height=\"706\" src=\"https:\/\/unescochair.unipi.it\/wp-content\/uploads\/2025\/07\/Blocco_loghi_rev.png\" alt=\"\" class=\"wp-image-975\" srcset=\"https:\/\/unescochair.unipi.it\/wp-content\/uploads\/2025\/07\/Blocco_loghi_rev.png 1048w, https:\/\/unescochair.unipi.it\/wp-content\/uploads\/2025\/07\/Blocco_loghi_rev-300x202.png 300w, https:\/\/unescochair.unipi.it\/wp-content\/uploads\/2025\/07\/Blocco_loghi_rev-1024x690.png 1024w, https:\/\/unescochair.unipi.it\/wp-content\/uploads\/2025\/07\/Blocco_loghi_rev-768x517.png 768w\" sizes=\"(max-width: 1048px) 100vw, 1048px\" \/><\/figure>\n\n\n\n<p><\/p>\n\n\n","protected":false},"excerpt":{"rendered":"<p>Il Master su Comunit\u00e0 EneRgetiche Sostenibili (CERS) \u2013 sviluppato nell\u2019ambito della UNESCO Chair on \u201cSustainable Energy Communities\u201d dell\u2019Universit\u00e0 di Pisa,&hellip;<\/p>\n<p><a class=\"btn btn-dark btn-sm unipi-read-more-link\" href=\"https:\/\/unescochair.unipi.it\/?page_id=766\">Leggi tutto&#8230;<\/a><\/p>\n","protected":false},"author":2,"featured_media":0,"parent":0,"menu_order":0,"comment_status":"closed","ping_status":"closed","template":"","meta":{"footnotes":""},"class_list":["post-766","page","type-page","status-publish","hentry"],"_links":{"self":[{"href":"https:\/\/unescochair.unipi.it\/index.php?rest_route=\/wp\/v2\/pages\/766"}],"collection":[{"href":"https:\/\/unescochair.unipi.it\/index.php?rest_route=\/wp\/v2\/pages"}],"about":[{"href":"https:\/\/unescochair.unipi.it\/index.php?rest_route=\/wp\/v2\/types\/page"}],"author":[{"embeddable":true,"href":"https:\/\/unescochair.unipi.it\/index.php?rest_route=\/wp\/v2\/users\/2"}],"replies":[{"embeddable":true,"href":"https:\/\/unescochair.unipi.it\/index.php?rest_route=%2Fwp%2Fv2%2Fcomments&post=766"}],"version-history":[{"count":54,"href":"https:\/\/unescochair.unipi.it\/index.php?rest_route=\/wp\/v2\/pages\/766\/revisions"}],"predecessor-version":[{"id":1035,"href":"https:\/\/unescochair.unipi.it\/index.php?rest_route=\/wp\/v2\/pages\/766\/revisions\/1035"}],"wp:attachment":[{"href":"https:\/\/unescochair.unipi.it\/index.php?rest_route=%2Fwp%2Fv2%2Fmedia&parent=766"}],"curies":[{"name":"wp","href":"https:\/\/api.w.org\/{rel}","templated":true}]}}